{"id":2165,"date":"2023-04-18T12:57:21","date_gmt":"2023-04-18T10:57:21","guid":{"rendered":"https:\/\/depannage-urgence.fr\/calp\/?page_id=2165"},"modified":"2025-06-11T15:51:34","modified_gmt":"2025-06-11T13:51:34","slug":"mentions-legales","status":"publish","type":"page","link":"https:\/\/depannage-urgence.fr\/calp\/mentions-legales\/","title":{"rendered":"Mentions l\u00e9gales"},"content":{"rendered":"\t\t<div data-elementor-type=\"wp-page\" data-elementor-id=\"2165\" class=\"elementor elementor-2165\" data-elementor-post-type=\"page\">\n\t\t\t\t\t\t<section class=\"elementor-section elementor-top-section elementor-element elementor-element-06972d0 elementor-section-boxed elementor-section-height-default elementor-section-height-default\" data-id=\"06972d0\" data-element_type=\"section\" data-e-type=\"section\" data-settings=\"{&quot;background_background&quot;:&quot;classic&quot;}\">\n\t\t\t\t\t\t<div class=\"elementor-container elementor-column-gap-wide\">\n\t\t\t\t\t<div class=\"elementor-column elementor-col-100 elementor-top-column elementor-element elementor-element-637b232\" data-id=\"637b232\" data-element_type=\"column\" data-e-type=\"column\" data-settings=\"{&quot;background_background&quot;:&quot;classic&quot;}\">\n\t\t\t<div class=\"elementor-widget-wrap elementor-element-populated\">\n\t\t\t\t\t\t<div class=\"elementor-element elementor-element-9bf9fff elementor-widget elementor-widget-heading\" data-id=\"9bf9fff\" data-element_type=\"widget\" data-e-type=\"widget\" data-widget_type=\"heading.default\">\n\t\t\t\t<div class=\"elementor-widget-container\">\n\t\t\t\t\t<h1 class=\"elementor-heading-title elementor-size-default\">Mentions l\u00e9gales<\/h1>\t\t\t\t<\/div>\n\t\t\t\t<\/div>\n\t\t\t\t\t<\/div>\n\t\t<\/div>\n\t\t\t\t\t<\/div>\n\t\t<\/section>\n\t\t\t\t<section class=\"elementor-section elementor-top-section elementor-element elementor-element-e6778d4 elementor-section-boxed elementor-section-height-default elementor-section-height-default\" data-id=\"e6778d4\" data-element_type=\"section\" data-e-type=\"section\">\n\t\t\t\t\t\t<div class=\"elementor-container elementor-column-gap-default\">\n\t\t\t\t\t<div class=\"elementor-column elementor-col-100 elementor-top-column elementor-element elementor-element-b20905d\" data-id=\"b20905d\" data-element_type=\"column\" data-e-type=\"column\">\n\t\t\t<div class=\"elementor-widget-wrap elementor-element-populated\">\n\t\t\t\t\t\t<div class=\"elementor-element elementor-element-33526d8 elementor-widget elementor-widget-text-editor\" data-id=\"33526d8\" data-element_type=\"widget\" data-e-type=\"widget\" data-widget_type=\"text-editor.default\">\n\t\t\t\t<div class=\"elementor-widget-container\">\n\t\t\t\t\t\t\t\t\t<p>le site Depannage Urgence est mis \u00e0 disposition de la soci\u00e9t\u00e9 <b>APS<\/b> afin de traiter les demandes concernant le service apr\u00e8s vente de ses clients ayant d\u00e9j\u00e0 re\u00e7u l&rsquo;intervention de l&rsquo;un de ses technicien, il n&rsquo;a pas pour objet de recueillir des demandes d&rsquo;intervention<\/p><p>Le site\u00a0<strong><span style=\"font-size: inherit;\">Depannage-Urgence.fr<\/span><\/strong><span style=\"font-size: inherit;\">\u00a0est \u00e9dit\u00e9 par <strong>APS<\/strong>.\u00a0<\/span><\/p><p><b>APS<\/b><\/p><p>Soci\u00e9t\u00e9 par actions simplifi\u00e9e<br \/><b>Si\u00e8ge social :<\/b> 14 rue Esther Cuvier 93260 les lilas<\/p><p><b>Registre du commerce :<\/b> Bobigny B 799 993 316<\/p><p><b>Mail :\u00a0<\/b> contact @ depannage-urgence.fr<\/p><p><b>Directeur de la publication : <\/b>Brian Atlan<\/p><p><b>H\u00e9bergement<\/b><br \/>Ce site est h\u00e9berg\u00e9 par O2switch, Soci\u00e9t\u00e9 par actions simplifi\u00e9e \u00e0 associ\u00e9 unique dont le si\u00e8ge est situ\u00e9 Chemin des Pardiaux 63000 CLERMONT-FERRAND, immatricul\u00e9e au RCS de Clermont-Ferrand sous le num\u00e9ro 510 909 807.<\/p>\t\t\t\t\t\t\t\t<\/div>\n\t\t\t\t<\/div>\n\t\t\t\t\t<\/div>\n\t\t<\/div>\n\t\t\t\t\t<\/div>\n\t\t<\/section>\n\t\t\t\t<section class=\"elementor-section elementor-top-section elementor-element elementor-element-aa1b888 elementor-section-boxed elementor-section-height-default elementor-section-height-default\" data-id=\"aa1b888\" data-element_type=\"section\" data-e-type=\"section\">\n\t\t\t\t\t\t<div class=\"elementor-container elementor-column-gap-default\">\n\t\t\t\t\t<div class=\"elementor-column elementor-col-100 elementor-top-column elementor-element elementor-element-7ba0b7f\" data-id=\"7ba0b7f\" data-element_type=\"column\" data-e-type=\"column\">\n\t\t\t<div class=\"elementor-widget-wrap elementor-element-populated\">\n\t\t\t\t\t\t<div class=\"elementor-element elementor-element-8cd668b elementor-widget elementor-widget-text-editor\" data-id=\"8cd668b\" data-element_type=\"widget\" data-e-type=\"widget\" data-widget_type=\"text-editor.default\">\n\t\t\t\t<div class=\"elementor-widget-container\">\n\t\t\t\t\t\t\t\t\t<h5>Conditions g\u00e9n\u00e9rales<\/h5>\n<p>&#8211; les frais d\u2019intervention sont de 39\u20ac ht* minimum pour les services pr\u00e9sentant le caract\u00e8re urgent<br>(Voir les conditions de la soci\u00e9t\u00e9&nbsp;d\u2019intervention)&nbsp;<br>&#8211; Application d&rsquo;un taux de TVA \u00e0 20% pour les professionnels et 10% pour les particuliers<\/p>\t\t\t\t\t\t\t\t<\/div>\n\t\t\t\t<\/div>\n\t\t\t\t\t<\/div>\n\t\t<\/div>\n\t\t\t\t\t<\/div>\n\t\t<\/section>\n\t\t\t\t<\/div>\n\t\t","protected":false},"excerpt":{"rendered":"<p>Mentions l\u00e9gales le site Depannage Urgence est mis \u00e0 disposition de la soci\u00e9t\u00e9 APS afin de traiter les demandes concernant le service apr\u00e8s vente de ses clients ayant d\u00e9j\u00e0 re\u00e7u l&rsquo;intervention de l&rsquo;un de ses technicien, il n&rsquo;a pas pour objet de recueillir des demandes d&rsquo;intervention Le site\u00a0Depannage-Urgence.fr\u00a0est \u00e9dit\u00e9 par APS.\u00a0 APS Soci\u00e9t\u00e9 par actions [&hellip;]<\/p>\n","protected":false},"author":2,"featured_media":0,"parent":0,"menu_order":0,"comment_status":"closed","ping_status":"closed","template":"elementor_header_footer","meta":{"footnotes":""},"class_list":["post-2165","page","type-page","status-publish","hentry"],"yoast_head":"<!-- This site is optimized with the Yoast SEO plugin v27.5 - https:\/\/yoast.com\/product\/yoast-seo-wordpress\/ -->\n<title>Depannage Urgence - Votre artisan de proximit\u00e9 au meilleur prix<\/title>\n<meta name=\"description\" content=\"Votre artisan de proximit\u00e9 au meilleur prix\" \/>\n<meta name=\"robots\" content=\"index, follow, max-snippet:-1, max-image-preview:large, max-video-preview:-1\" \/>\n<link rel=\"canonical\" href=\"https:\/\/depannage-urgence.fr\/calp\/mentions-legales\/\" \/>\n<meta property=\"og:locale\" content=\"fr_FR\" \/>\n<meta property=\"og:type\" content=\"article\" \/>\n<meta property=\"og:title\" content=\"Depannage Urgence - Votre artisan de proximit\u00e9 au meilleur prix\" \/>\n<meta property=\"og:description\" content=\"Votre artisan de proximit\u00e9 au meilleur prix\" \/>\n<meta property=\"og:url\" content=\"https:\/\/depannage-urgence.fr\/calp\/mentions-legales\/\" \/>\n<meta property=\"og:site_name\" content=\"Depannage Urgence\" \/>\n<meta property=\"article:modified_time\" content=\"2025-06-11T13:51:34+00:00\" \/>\n<meta name=\"twitter:card\" content=\"summary_large_image\" \/>\n<meta name=\"twitter:label1\" content=\"Dur\u00e9e de lecture estim\u00e9e\" \/>\n\t<meta name=\"twitter:data1\" content=\"1 minute\" \/>\n<script type=\"application\/ld+json\" class=\"yoast-schema-graph\">{\"@context\":\"https:\\\/\\\/schema.org\",\"@graph\":[{\"@type\":\"WebPage\",\"@id\":\"https:\\\/\\\/depannage-urgence.fr\\\/calp\\\/mentions-legales\\\/\",\"url\":\"https:\\\/\\\/depannage-urgence.fr\\\/calp\\\/mentions-legales\\\/\",\"name\":\"Depannage Urgence - Votre artisan de proximit\u00e9 au meilleur prix\",\"isPartOf\":{\"@id\":\"https:\\\/\\\/depannage-urgence.fr\\\/calp\\\/#website\"},\"datePublished\":\"2023-04-18T10:57:21+00:00\",\"dateModified\":\"2025-06-11T13:51:34+00:00\",\"description\":\"Votre artisan de proximit\u00e9 au meilleur prix\",\"breadcrumb\":{\"@id\":\"https:\\\/\\\/depannage-urgence.fr\\\/calp\\\/mentions-legales\\\/#breadcrumb\"},\"inLanguage\":\"fr-FR\",\"potentialAction\":[{\"@type\":\"ReadAction\",\"target\":[\"https:\\\/\\\/depannage-urgence.fr\\\/calp\\\/mentions-legales\\\/\"]}]},{\"@type\":\"BreadcrumbList\",\"@id\":\"https:\\\/\\\/depannage-urgence.fr\\\/calp\\\/mentions-legales\\\/#breadcrumb\",\"itemListElement\":[{\"@type\":\"ListItem\",\"position\":1,\"name\":\"Accueil\",\"item\":\"https:\\\/\\\/depannage-urgence.fr\\\/calp\\\/\"},{\"@type\":\"ListItem\",\"position\":2,\"name\":\"Mentions l\u00e9gales\"}]},{\"@type\":\"WebSite\",\"@id\":\"https:\\\/\\\/depannage-urgence.fr\\\/calp\\\/#website\",\"url\":\"https:\\\/\\\/depannage-urgence.fr\\\/calp\\\/\",\"name\":\"Depannage urgence\",\"description\":\"D\u00e9pannage de proximit\u00e9 au meilleur prix\",\"potentialAction\":[{\"@type\":\"SearchAction\",\"target\":{\"@type\":\"EntryPoint\",\"urlTemplate\":\"https:\\\/\\\/depannage-urgence.fr\\\/calp\\\/?s={search_term_string}\"},\"query-input\":{\"@type\":\"PropertyValueSpecification\",\"valueRequired\":true,\"valueName\":\"search_term_string\"}}],\"inLanguage\":\"fr-FR\"}]}<\/script>\n<!-- \/ Yoast SEO plugin. -->","yoast_head_json":{"title":"Depannage Urgence - Votre artisan de proximit\u00e9 au meilleur prix","description":"Votre artisan de proximit\u00e9 au meilleur prix","robots":{"index":"index","follow":"follow","max-snippet":"max-snippet:-1","max-image-preview":"max-image-preview:large","max-video-preview":"max-video-preview:-1"},"canonical":"https:\/\/depannage-urgence.fr\/calp\/mentions-legales\/","og_locale":"fr_FR","og_type":"article","og_title":"Depannage Urgence - Votre artisan de proximit\u00e9 au meilleur prix","og_description":"Votre artisan de proximit\u00e9 au meilleur prix","og_url":"https:\/\/depannage-urgence.fr\/calp\/mentions-legales\/","og_site_name":"Depannage Urgence","article_modified_time":"2025-06-11T13:51:34+00:00","twitter_card":"summary_large_image","twitter_misc":{"Dur\u00e9e de lecture estim\u00e9e":"1 minute"},"schema":{"@context":"https:\/\/schema.org","@graph":[{"@type":"WebPage","@id":"https:\/\/depannage-urgence.fr\/calp\/mentions-legales\/","url":"https:\/\/depannage-urgence.fr\/calp\/mentions-legales\/","name":"Depannage Urgence - Votre artisan de proximit\u00e9 au meilleur prix","isPartOf":{"@id":"https:\/\/depannage-urgence.fr\/calp\/#website"},"datePublished":"2023-04-18T10:57:21+00:00","dateModified":"2025-06-11T13:51:34+00:00","description":"Votre artisan de proximit\u00e9 au meilleur prix","breadcrumb":{"@id":"https:\/\/depannage-urgence.fr\/calp\/mentions-legales\/#breadcrumb"},"inLanguage":"fr-FR","potentialAction":[{"@type":"ReadAction","target":["https:\/\/depannage-urgence.fr\/calp\/mentions-legales\/"]}]},{"@type":"BreadcrumbList","@id":"https:\/\/depannage-urgence.fr\/calp\/mentions-legales\/#breadcrumb","itemListElement":[{"@type":"ListItem","position":1,"name":"Accueil","item":"https:\/\/depannage-urgence.fr\/calp\/"},{"@type":"ListItem","position":2,"name":"Mentions l\u00e9gales"}]},{"@type":"WebSite","@id":"https:\/\/depannage-urgence.fr\/calp\/#website","url":"https:\/\/depannage-urgence.fr\/calp\/","name":"Depannage urgence","description":"D\u00e9pannage de proximit\u00e9 au meilleur prix","potentialAction":[{"@type":"SearchAction","target":{"@type":"EntryPoint","urlTemplate":"https:\/\/depannage-urgence.fr\/calp\/?s={search_term_string}"},"query-input":{"@type":"PropertyValueSpecification","valueRequired":true,"valueName":"search_term_string"}}],"inLanguage":"fr-FR"}]}},"_links":{"self":[{"href":"https:\/\/depannage-urgence.fr\/calp\/wp-json\/wp\/v2\/pages\/2165","targetHints":{"allow":["GET"]}}],"collection":[{"href":"https:\/\/depannage-urgence.fr\/calp\/wp-json\/wp\/v2\/pages"}],"about":[{"href":"https:\/\/depannage-urgence.fr\/calp\/wp-json\/wp\/v2\/types\/page"}],"author":[{"embeddable":true,"href":"https:\/\/depannage-urgence.fr\/calp\/wp-json\/wp\/v2\/users\/2"}],"replies":[{"embeddable":true,"href":"https:\/\/depannage-urgence.fr\/calp\/wp-json\/wp\/v2\/comments?post=2165"}],"version-history":[{"count":3,"href":"https:\/\/depannage-urgence.fr\/calp\/wp-json\/wp\/v2\/pages\/2165\/revisions"}],"predecessor-version":[{"id":4106,"href":"https:\/\/depannage-urgence.fr\/calp\/wp-json\/wp\/v2\/pages\/2165\/revisions\/4106"}],"wp:attachment":[{"href":"https:\/\/depannage-urgence.fr\/calp\/wp-json\/wp\/v2\/media?parent=2165"}],"curies":[{"name":"wp","href":"https:\/\/api.w.org\/{rel}","templated":true}]}}